{"id":22,"date":"2019-11-17T14:04:20","date_gmt":"2019-11-17T14:04:20","guid":{"rendered":"https:\/\/asyncsymposium.org\/async2020\/?page_id=22"},"modified":"2019-12-12T10:30:54","modified_gmt":"2019-12-12T10:30:54","slug":"committees","status":"publish","type":"page","link":"https:\/\/asyncsymposium.org\/async2020\/committees\/","title":{"rendered":"Committees"},"content":{"rendered":"<h3>Program Committee<\/h3>\n<h5>Co-Chairs:<\/h5>\n<p>ANDREAS STEININGER<br \/>\nVienna University of Technology<\/p>\n<p>MATHEUS T. MOREIRA<br \/>\nChronos Tech<\/p>\n<h5>Committee:<\/h5>\n<table border=\"0\" width=\"509\" cellspacing=\"0\" cellpadding=\"0\">\n<colgroup>\n<col width=\"509\" \/><\/colgroup>\n<tbody>\n<tr>\n<td height=\"12\">John Bainbridge (Intel, United States)<\/td>\n<\/tr>\n<tr>\n<td height=\"12\">Peter Beerel (Univ. of Southern California, United States)<\/td>\n<\/tr>\n<tr>\n<td height=\"12\">Davide Bertozzi (University of Ferrara, Italy)<\/td>\n<\/tr>\n<tr>\n<td height=\"12\">Ney Laert Vilar Calazans (PUCRS, Brazil)<\/td>\n<\/tr>\n<tr>\n<td height=\"12\">Jean-Fr\u00e9d\u00e9ric Christmann (CEA-Leti, France)<\/td>\n<\/tr>\n<tr>\n<td height=\"12\">Jordi Cortadella (Universitat Politecnica de Catalunya, Spain)<\/td>\n<\/tr>\n<tr>\n<td height=\"12\">Shomit Das (AMD Research, United States)<\/td>\n<\/tr>\n<tr>\n<td height=\"12\">Georgios Dimou (Intel Corporation, United States)<\/td>\n<\/tr>\n<tr>\n<td height=\"12\">Reuven Dobkin (vSync Circuits Ltd. \/ Technion, Israel)<\/td>\n<\/tr>\n<tr>\n<td height=\"12\">Xin Fan (RWTH Aachen University, Germany)<\/td>\n<\/tr>\n<tr>\n<td height=\"12\">Laurent Fesquet (TIMA &#8211; Grenoble Institute of Technology, France)<\/td>\n<\/tr>\n<tr>\n<td height=\"12\">Matthias Fuegger (CNRS &amp; LSV, ENS Paris-Saclay &amp; Inria, France)<\/td>\n<\/tr>\n<tr>\n<td height=\"12\">Mark Greenstreet (University of British Columbia, Canada)<\/td>\n<\/tr>\n<tr>\n<td height=\"12\">Frank Gurkaynak (ETH Zurich, Switzerland)<\/td>\n<\/tr>\n<tr>\n<td height=\"12\">Yong Hei (Portland State University, United States)<\/td>\n<\/tr>\n<tr>\n<td height=\"12\">Masashi Imai (Hirosaki University, Japan)<\/td>\n<\/tr>\n<tr>\n<td height=\"12\">Weiwei Jiang (Synopsys Inc., United States)<\/td>\n<\/tr>\n<tr>\n<td height=\"12\">Ian Jones (United States)<\/td>\n<\/tr>\n<tr>\n<td height=\"12\">William Koven (Galois, Inc., United States)<\/td>\n<\/tr>\n<tr>\n<td height=\"12\">Milos Krstic (IHP, Germany)<\/td>\n<\/tr>\n<tr>\n<td height=\"12\">Luciano Lavagno (Politecnico di Torino, Italy)<\/td>\n<\/tr>\n<tr>\n<td height=\"12\">Christoph Lenzen (MPI for Informatics, Germany)<\/td>\n<\/tr>\n<tr>\n<td height=\"12\">Rajit Manohar (Yale University, United States)<\/td>\n<\/tr>\n<tr>\n<td height=\"12\">Joycee Mekie (Indian Institute of Technology Gandhinagar, India)<\/td>\n<\/tr>\n<tr>\n<td height=\"12\">Chris Myers (University of Utah, United States)<\/td>\n<\/tr>\n<tr>\n<td height=\"12\">Duarte Oliveira (Divis\u00e3o de Eletr\u00f4nica do Instituto Tecnol\u00f3gico de Aeron\u00e1utica, Brazil)<\/td>\n<\/tr>\n<tr>\n<td height=\"12\">Naoya Onizawa (Tohoku University, Japan)<\/td>\n<\/tr>\n<tr>\n<td height=\"12\">Marly Roncken (Portland State University, United States)<\/td>\n<\/tr>\n<tr>\n<td height=\"12\">Arash Saifhashemi (Synopsys, United States)<\/td>\n<\/tr>\n<tr>\n<td height=\"12\">Hiroshi Saito (University of Aizu, Japan)<\/td>\n<\/tr>\n<tr>\n<td height=\"12\">Montek Singh (Univ. of North Carolina at Chapel Hill, United States)<\/td>\n<\/tr>\n<tr>\n<td height=\"12\">Danil Sokolov (Newcastle University, United Kingdom)<\/td>\n<\/tr>\n<tr>\n<td height=\"12\">Christos Sotiriou (Univesity of Thessaly, Greece)<\/td>\n<\/tr>\n<tr>\n<td height=\"12\">Jens Spars\u00f8 (Technical University of Denmark, Denmark)<\/td>\n<\/tr>\n<tr>\n<td height=\"12\">Pascal Vivet (CEA-LETI, France)<\/td>\n<\/tr>\n<tr>\n<td height=\"12\">Wang Zhao (Facebook, United States)<\/td>\n<\/tr>\n<tr>\n<td height=\"12\">Lei Wang (National University of Defense Technology, China)<\/td>\n<\/tr>\n<tr>\n<td height=\"12\">Eslam Yahya Tawfik (Ohio State University, United States)<\/td>\n<\/tr>\n<tr>\n<td height=\"12\">Alex Yakovlev (Newcastle University, United Kingdom)<\/td>\n<\/tr>\n<tr>\n<td height=\"12\">Tomohiro Yoneda (National Institute of Informatics, Japan)<\/td>\n<\/tr>\n<\/tbody>\n<tbody>\n<tr>\n<td height=\"12\">Guangda Zhang (University of Manchester, United Kingdom))<\/td>\n<\/tr>\n<\/tbody>\n<\/table>\n<p>&nbsp;<\/p>\n","protected":false},"excerpt":{"rendered":"<p>Program Committee Co-Chairs: ANDREAS STEININGER Vienna University of Technology MATHEUS T. MOREIRA Chronos Tech Committee: John Bainbridge (Intel, United States) Peter Beerel (Univ. of Southern California, United States) Davide Bertozzi (University of Ferrara, Italy) Ney Laert Vilar Calazans (PUCRS, Brazil) Jean-Fr\u00e9d\u00e9ric Christmann (CEA-Leti, France) Jordi Cortadella (Universitat Politecnica de Catalunya, Spain) Shomit Das (AMD Research, &hellip; <a href=\"https:\/\/asyncsymposium.org\/async2020\/committees\/\" class=\"more-link\">Continue reading <span class=\"screen-reader-text\">Committees<\/span> <span class=\"meta-nav\">&rarr;<\/span><\/a><\/p>\n","protected":false},"author":1,"featured_media":0,"parent":0,"menu_order":0,"comment_status":"closed","ping_status":"closed","template":"","meta":{"footnotes":""},"_links":{"self":[{"href":"https:\/\/asyncsymposium.org\/async2020\/wp-json\/wp\/v2\/pages\/22"}],"collection":[{"href":"https:\/\/asyncsymposium.org\/async2020\/wp-json\/wp\/v2\/pages"}],"about":[{"href":"https:\/\/asyncsymposium.org\/async2020\/wp-json\/wp\/v2\/types\/page"}],"author":[{"embeddable":true,"href":"https:\/\/asyncsymposium.org\/async2020\/wp-json\/wp\/v2\/users\/1"}],"replies":[{"embeddable":true,"href":"https:\/\/asyncsymposium.org\/async2020\/wp-json\/wp\/v2\/comments?post=22"}],"version-history":[{"count":9,"href":"https:\/\/asyncsymposium.org\/async2020\/wp-json\/wp\/v2\/pages\/22\/revisions"}],"predecessor-version":[{"id":82,"href":"https:\/\/asyncsymposium.org\/async2020\/wp-json\/wp\/v2\/pages\/22\/revisions\/82"}],"wp:attachment":[{"href":"https:\/\/asyncsymposium.org\/async2020\/wp-json\/wp\/v2\/media?parent=22"}],"curies":[{"name":"wp","href":"https:\/\/api.w.org\/{rel}","templated":true}]}}